{"id":2,"date":"2009-03-08T15:23:27","date_gmt":"2009-03-08T14:23:27","guid":{"rendered":"http:\/\/fahrstart.de\/?page_id=2"},"modified":"2022-09-14T09:47:50","modified_gmt":"2022-09-14T08:47:50","slug":"about","status":"publish","type":"page","link":"https:\/\/fahrstart.de\/","title":{"rendered":"F\u00fchrerschein? Mit uns kein Problem!"},"content":{"rendered":"\n<figure class=\"wp-block-image size-large\"><img loading=\"lazy\" width=\"1024\" height=\"201\" src=\"https:\/\/fahrstart.de\/wp-content\/uploads\/2020\/10\/200926-Fahrschule-Pressler-kompletter-Fuhrpark-small-1024x201.jpg\" alt=\"\" class=\"wp-image-208\" srcset=\"https:\/\/fahrstart.de\/wp-content\/uploads\/2020\/10\/200926-Fahrschule-Pressler-kompletter-Fuhrpark-small-1024x201.jpg 1024w, https:\/\/fahrstart.de\/wp-content\/uploads\/2020\/10\/200926-Fahrschule-Pressler-kompletter-Fuhrpark-small-300x59.jpg 300w, https:\/\/fahrstart.de\/wp-content\/uploads\/2020\/10\/200926-Fahrschule-Pressler-kompletter-Fuhrpark-small-768x151.jpg 768w, https:\/\/fahrstart.de\/wp-content\/uploads\/2020\/10\/200926-Fahrschule-Pressler-kompletter-Fuhrpark-small-1536x302.jpg 1536w, https:\/\/fahrstart.de\/wp-content\/uploads\/2020\/10\/200926-Fahrschule-Pressler-kompletter-Fuhrpark-small.jpg 1599w\" sizes=\"(max-width: 1024px) 100vw, 1024px\" \/><\/figure>\n\n\n\n<h2><strong>Herzlich Willkommen in der Fahrschule Knut Pre\u00dfler<\/strong><\/h2>\n\n\n\n<p>Sie suchen eine kompetente Fahrschule, bei der Sie in angenehmen Ausbildungsatmosph\u00e4re und freundlichen Fahrlehrern den F\u00fchrerschein erwerben k\u00f6nnen? Dann sind Sie bei uns genau richtig!<\/p>\n\n\n\n<p>Wir bieten Ihnen eine fachgerechte und fundierte Ausbildung, mit der Sie in der Lage sind, Ihr Fahrzeug sicher fortzubewegen und die T\u00fccken des t\u00e4glichen Verkehrs zu bew\u00e4ltigen. Wir vermitteln Ihnen das praktische und theoretische Wissen, dass Sie ben\u00f6tigen, um an das hei\u00df begehrte Objekt F\u00fchrerschein zu gelangen.<\/p>\n\n\n\n<figure class=\"wp-block-image size-large\"><img loading=\"lazy\" width=\"927\" height=\"1024\" src=\"https:\/\/fahrstart.de\/wp-content\/uploads\/2020\/07\/photo_2020-08-31_23-24-35-927x1024.jpg\" alt=\"\" class=\"wp-image-202\" srcset=\"https:\/\/fahrstart.de\/wp-content\/uploads\/2020\/07\/photo_2020-08-31_23-24-35-927x1024.jpg 927w, https:\/\/fahrstart.de\/wp-content\/uploads\/2020\/07\/photo_2020-08-31_23-24-35-272x300.jpg 272w, https:\/\/fahrstart.de\/wp-content\/uploads\/2020\/07\/photo_2020-08-31_23-24-35-768x848.jpg 768w, https:\/\/fahrstart.de\/wp-content\/uploads\/2020\/07\/photo_2020-08-31_23-24-35.jpg 1159w\" sizes=\"(max-width: 927px) 100vw, 927px\" \/><\/figure>\n\n\n\n<h2><strong>Kompetenz und Erfahrung<\/strong><\/h2>\n\n\n\n<p>Die Fahrschule Knut Pre\u00dfler hat sich seit 1990 in Greiz und Umgebung durch erstklassige Fahrausbildung und exzellenten Service einen Namen gemacht. Seit dieser Zeit haben wir vielen Personen erfolgreich zum F\u00fchrerschein verholfen. So k\u00f6nnen wir heute auf eine langj\u00e4hrige Erfahrung im Umgang mit Fahranf\u00e4ngern zur\u00fcckgreifen, was der Qualit\u00e4t unserer Ausbildung immer wieder zugute kommt. Wir sind stets bem\u00fcht,&nbsp;Ihnen Wissen auf dem aktuellsten Stand zu vermitteln, und nehmen deshalb regelm\u00e4\u00dfig an Weiterbildungsseminaren und Fortbildungslehrg\u00e4ngen teil.<\/p>\n","protected":false},"excerpt":{"rendered":"<p>Herzlich Willkommen in der Fahrschule Knut Pre\u00dfler Sie suchen eine kompetente Fahrschule, bei der Sie in angenehmen Ausbildungsatmosph\u00e4re und freundlichen&hellip;<\/p>\n","protected":false},"author":1,"featured_media":0,"parent":0,"menu_order":0,"comment_status":"closed","ping_status":"open","template":"","meta":[],"aioseo_notices":[],"_links":{"self":[{"href":"https:\/\/fahrstart.de\/index.php\/wp-json\/wp\/v2\/pages\/2"}],"collection":[{"href":"https:\/\/fahrstart.de\/index.php\/wp-json\/wp\/v2\/pages"}],"about":[{"href":"https:\/\/fahrstart.de\/index.php\/wp-json\/wp\/v2\/types\/page"}],"author":[{"embeddable":true,"href":"https:\/\/fahrstart.de\/index.php\/wp-json\/wp\/v2\/users\/1"}],"replies":[{"embeddable":true,"href":"https:\/\/fahrstart.de\/index.php\/wp-json\/wp\/v2\/comments?post=2"}],"version-history":[{"count":2,"href":"https:\/\/fahrstart.de\/index.php\/wp-json\/wp\/v2\/pages\/2\/revisions"}],"predecessor-version":[{"id":15648,"href":"https:\/\/fahrstart.de\/index.php\/wp-json\/wp\/v2\/pages\/2\/revisions\/15648"}],"wp:attachment":[{"href":"https:\/\/fahrstart.de\/index.php\/wp-json\/wp\/v2\/media?parent=2"}],"curies":[{"name":"wp","href":"https:\/\/api.w.org\/{rel}","templated":true}]}}